{"id":702,"date":"2021-09-01T09:56:47","date_gmt":"2021-09-01T12:56:47","guid":{"rendered":"https:\/\/graficakgm.com.br\/?page_id=702"},"modified":"2021-09-01T20:57:12","modified_gmt":"2021-09-01T23:57:12","slug":"tags-c-furo","status":"publish","type":"page","link":"https:\/\/graficakgm.com.br\/index.php\/tags-c-furo\/","title":{"rendered":"Tags c\/ furo"},"content":{"rendered":"\t\t<div data-elementor-type=\"wp-page\" data-elementor-id=\"702\" class=\"elementor elementor-702\">\n\t\t\t\t\t\t<div class=\"elementor-inner\">\n\t\t\t\t<div class=\"elementor-section-wrap\">\n\t\t\t\t\t\t\t\t\t<section class=\"elementor-section elementor-top-section elementor-element elementor-element-4c09b251 elementor-section-boxed elementor-section-height-default elementor-section-height-default\" data-id=\"4c09b251\" data-element_type=\"section\" data-settings=\"{&quot;background_background&quot;:&quot;classic&quot;}\">\n\t\t\t\t\t\t<div class=\"elementor-container elementor-column-gap-default\">\n\t\t\t\t\t\t\t<div class=\"elementor-row\">\n\t\t\t\t\t<div class=\"elementor-column elementor-col-33 elementor-top-column elementor-element elementor-element-3949b16\" data-id=\"3949b16\" data-element_type=\"column\">\n\t\t\t<div class=\"elementor-column-wrap elementor-element-populated\">\n\t\t\t\t\t\t\t<div class=\"elementor-widget-wrap\">\n\t\t\t\t\t\t<div class=\"elementor-element elementor-element-90267b8 elementor-arrows-position-inside elementor-pagination-position-outside elementor-widget elementor-widget-image-carousel\" data-id=\"90267b8\" data-element_type=\"widget\" data-settings=\"{&quot;slides_to_show&quot;:&quot;1&quot;,&quot;effect&quot;:&quot;fade&quot;,&quot;infinite&quot;:&quot;no&quot;,&quot;navigation&quot;:&quot;both&quot;,&quot;autoplay&quot;:&quot;yes&quot;,&quot;pause_on_hover&quot;:&quot;yes&quot;,&quot;pause_on_interaction&quot;:&quot;yes&quot;,&quot;autoplay_speed&quot;:5000,&quot;speed&quot;:500}\" data-widget_type=\"image-carousel.default\">\n\t\t\t\t<div class=\"elementor-widget-container\">\n\t\t\t\t\t<div class=\"elementor-image-carousel-wrapper swiper-container\" dir=\"ltr\">\n\t\t\t<div class=\"elementor-image-carousel swiper-wrapper\">\n\t\t\t\t\t\t\t\t<div class=\"swiper-slide\"><figure class=\"swiper-slide-inner\"><img class=\"swiper-slide-image\" src=\"https:\/\/graficakgm.com.br\/wp-content\/uploads\/2021\/09\/Tag-275x300.jpeg\" alt=\"Tag\" \/><\/figure><\/div><div class=\"swiper-slide\"><figure class=\"swiper-slide-inner\"><img class=\"swiper-slide-image\" src=\"https:\/\/graficakgm.com.br\/wp-content\/uploads\/2021\/09\/Tag1-300x163.jpeg\" alt=\"Tag1\" \/><\/figure><\/div>\t\t\t<\/div>\n\t\t\t\t\t\t\t\t\t\t\t\t<div class=\"swiper-pagination\"><\/div>\n\t\t\t\t\t\t\t\t\t\t\t\t\t<div class=\"elementor-swiper-button elementor-swiper-button-prev\">\n\t\t\t\t\t\t<i aria-hidden=\"true\" class=\"eicon-chevron-left\"><\/i>\t\t\t\t\t\t<span class=\"elementor-screen-only\">Previous<\/span>\n\t\t\t\t\t<\/div>\n\t\t\t\t\t<div class=\"elementor-swiper-button elementor-swiper-button-next\">\n\t\t\t\t\t\t<i aria-hidden=\"true\" class=\"eicon-chevron-right\"><\/i>\t\t\t\t\t\t<span class=\"elementor-screen-only\">Next<\/span>\n\t\t\t\t\t<\/div>\n\t\t\t\t\t\t\t\t\t<\/div>\n\t\t\t\t<\/div>\n\t\t\t\t<\/div>\n\t\t\t\t\t\t<\/div>\n\t\t\t\t\t<\/div>\n\t\t<\/div>\n\t\t\t\t<div class=\"elementor-column elementor-col-33 elementor-top-column elementor-element elementor-element-8608bdc\" data-id=\"8608bdc\" data-element_type=\"column\">\n\t\t\t<div class=\"elementor-column-wrap\">\n\t\t\t\t\t\t\t<div class=\"elementor-widget-wrap\">\n\t\t\t\t\t\t\t\t<\/div>\n\t\t\t\t\t<\/div>\n\t\t<\/div>\n\t\t\t\t<div class=\"elementor-column elementor-col-33 elementor-top-column elementor-element elementor-element-225f48b7\" data-id=\"225f48b7\" data-element_type=\"column\">\n\t\t\t<div class=\"elementor-column-wrap elementor-element-populated\">\n\t\t\t\t\t\t\t<div class=\"elementor-widget-wrap\">\n\t\t\t\t\t\t<div class=\"elementor-element elementor-element-442978d8 elementor-invisible elementor-widget elementor-widget-heading\" data-id=\"442978d8\" data-element_type=\"widget\" data-settings=\"{&quot;_animation&quot;:&quot;fadeIn&quot;,&quot;_animation_tablet&quot;:&quot;fadeIn&quot;}\" data-widget_type=\"heading.default\">\n\t\t\t\t<div class=\"elementor-widget-container\">\n\t\t\t<h2 class=\"elementor-heading-title elementor-size-default\">Tags c\/ furo<\/h2>\t\t<\/div>\n\t\t\t\t<\/div>\n\t\t\t\t<section class=\"elementor-section elementor-inner-section elementor-element elementor-element-5bc78c08 elementor-section-full_width elementor-section-height-default elementor-section-height-default\" data-id=\"5bc78c08\" data-element_type=\"section\">\n\t\t\t\t\t\t<div class=\"elementor-container elementor-column-gap-default\">\n\t\t\t\t\t\t\t<div class=\"elementor-row\">\n\t\t\t\t\t<div class=\"elementor-column elementor-col-50 elementor-inner-column elementor-element elementor-element-4b9add51\" data-id=\"4b9add51\" data-element_type=\"column\">\n\t\t\t<div class=\"elementor-column-wrap elementor-element-populated\">\n\t\t\t\t\t\t\t<div class=\"elementor-widget-wrap\">\n\t\t\t\t\t\t<div class=\"elementor-element elementor-element-7ae2f6a5 elementor-widget elementor-widget-spacer\" data-id=\"7ae2f6a5\" data-element_type=\"widget\" data-widget_type=\"spacer.default\">\n\t\t\t\t<div class=\"elementor-widget-container\">\n\t\t\t\t\t<div class=\"elementor-spacer\">\n\t\t\t<div class=\"elementor-spacer-inner\"><\/div>\n\t\t<\/div>\n\t\t\t\t<\/div>\n\t\t\t\t<\/div>\n\t\t\t\t<div class=\"elementor-element elementor-element-5be0b26f elementor-widget elementor-widget-spacer\" data-id=\"5be0b26f\" data-element_type=\"widget\" data-widget_type=\"spacer.default\">\n\t\t\t\t<div class=\"elementor-widget-container\">\n\t\t\t\t\t<div class=\"elementor-spacer\">\n\t\t\t<div class=\"elementor-spacer-inner\"><\/div>\n\t\t<\/div>\n\t\t\t\t<\/div>\n\t\t\t\t<\/div>\n\t\t\t\t<div class=\"elementor-element elementor-element-112348d5 elementor-widget elementor-widget-spacer\" data-id=\"112348d5\" data-element_type=\"widget\" data-widget_type=\"spacer.default\">\n\t\t\t\t<div class=\"elementor-widget-container\">\n\t\t\t\t\t<div class=\"elementor-spacer\">\n\t\t\t<div class=\"elementor-spacer-inner\"><\/div>\n\t\t<\/div>\n\t\t\t\t<\/div>\n\t\t\t\t<\/div>\n\t\t\t\t<div class=\"elementor-element elementor-element-bbda19d elementor-widget elementor-widget-spacer\" data-id=\"bbda19d\" data-element_type=\"widget\" data-widget_type=\"spacer.default\">\n\t\t\t\t<div class=\"elementor-widget-container\">\n\t\t\t\t\t<div class=\"elementor-spacer\">\n\t\t\t<div class=\"elementor-spacer-inner\"><\/div>\n\t\t<\/div>\n\t\t\t\t<\/div>\n\t\t\t\t<\/div>\n\t\t\t\t\t\t<\/div>\n\t\t\t\t\t<\/div>\n\t\t<\/div>\n\t\t\t\t<div class=\"elementor-column elementor-col-50 elementor-inner-column elementor-element elementor-element-52d17759\" data-id=\"52d17759\" data-element_type=\"column\">\n\t\t\t<div class=\"elementor-column-wrap elementor-element-populated\">\n\t\t\t\t\t\t\t<div class=\"elementor-widget-wrap\">\n\t\t\t\t\t\t<div class=\"elementor-element elementor-element-21a5e944 elementor-widget elementor-widget-text-editor\" data-id=\"21a5e944\" data-element_type=\"widget\" data-widget_type=\"text-editor.default\">\n\t\t\t\t<div class=\"elementor-widget-container\">\n\t\t\t\t\t\t\t\t<div class=\"elementor-text-editor elementor-clearfix\">\n\t\t\t\t<p>Tags c\/ furo<\/p><p>Tamanho: 5&#215;4,5 cm ou 2,5&#215;9 cm<\/p>\t\t\t\t\t<\/div>\n\t\t\t\t\t\t<\/div>\n\t\t\t\t<\/div>\n\t\t\t\t\t\t<\/div>\n\t\t\t\t\t<\/div>\n\t\t<\/div>\n\t\t\t\t\t\t\t\t<\/div>\n\t\t\t\t\t<\/div>\n\t\t<\/section>\n\t\t\t\t<section class=\"elementor-section elementor-inner-section elementor-element elementor-element-52704039 elementor-section-full_width elementor-section-height-default elementor-section-height-default\" data-id=\"52704039\" data-element_type=\"section\">\n\t\t\t\t\t\t<div class=\"elementor-container elementor-column-gap-default\">\n\t\t\t\t\t\t\t<div class=\"elementor-row\">\n\t\t\t\t\t<div class=\"elementor-column elementor-col-100 elementor-inner-column elementor-element elementor-element-57e26262\" data-id=\"57e26262\" data-element_type=\"column\">\n\t\t\t<div class=\"elementor-column-wrap elementor-element-populated\">\n\t\t\t\t\t\t\t<div class=\"elementor-widget-wrap\">\n\t\t\t\t\t\t<div class=\"elementor-element elementor-element-fe70254 elementor-widget elementor-widget-jet-engine-booking-form\" data-id=\"fe70254\" data-element_type=\"widget\" data-widget_type=\"jet-engine-booking-form.default\">\n\t\t\t\t<div class=\"elementor-widget-container\">\n\t\t\t<form  class=\"jet-form layout-row submit-type-ajax\" action=\"https:\/\/graficakgm.com.br\/?jet_engine_action=book\" method=\"POST\" data-form-id=\"696\"><div class=\"jet-form-col__end content-fullwidth\"><input class=\"jet-form__field hidden-field\" type=\"hidden\" name=\"_jet_engine_booking_form_id\" value=\"696\" data-field-name=\"_jet_engine_booking_form_id\"><\/div><div class=\"jet-form-col__end content-fullwidth\"><input class=\"jet-form__field hidden-field\" type=\"hidden\" name=\"_jet_engine_refer\" value=\"https:\/\/graficakgm.com.br\/wp-json\/wp\/v2\/pages\/702\" data-field-name=\"_jet_engine_refer\"><\/div><div  class=\"jet-form-row jet-form-row--first-visible\"><div class=\"jet-form-col jet-form-col-12  field-type-select  jet-form-field-container\" data-field=\"Quantidade\" data-conditional=\"false\"><div class=\"jet-form-col__start\"><div class=\"jet-form__label\">\n\t<span class=\"jet-form__label-text\" >Quantidade<\/span>\n\t<\/div><\/div>\n<div class=\"jet-form-col__end\"><select  name=\"Quantidade\" data-field-name=\"Quantidade\" id=\"Quantidade\" data-default-val=\"\" class=\"jet-form__field select-field\"><option value=\"90\" >1000<\/option><option value=\"160\" >2000<\/option><option value=\"230\" >3000<\/option><\/select><\/div><\/div><\/div><div  class=\"jet-form-row jet-form-row--hidden jet-form-row--first-visible\"><div class=\"jet-form-col jet-form-col-12  field-type-hidden  jet-form-field-container\" data-field=\"Unitario\" data-conditional=\"false\"><div class=\"jet-form-col__end content-fullwidth\"><input class=\"jet-form__field hidden-field\" type=\"hidden\" name=\"Unitario\" value=\"1\" data-field-name=\"Unitario\"><\/div><\/div><\/div><div class=\"jet-form__divider\"><\/div><div  class=\"jet-form-row\"><div class=\"jet-form-col jet-form-col-12  field-type-calculated  jet-form-field-container\" data-field=\"Valor\" data-conditional=\"false\"><div class=\"jet-form-col__start\"><div class=\"jet-form__label\">\n\t<span class=\"jet-form__label-text\" >Valor R$<\/span>\n\t<\/div><\/div>\n<div class=\"jet-form-col__end\"><div class=\"jet-form__calculated-field\" data-formula=\"%Quantidade%*%Unitario%\" data-name=\"Valor\" data-listen_to=\"[&quot;Quantidade&quot;,&quot;Unitario&quot;]\" data-precision=\"2\">\n\t\t<input type=\"hidden\" name=\"Valor\" value=\"\" class=\"jet-form__calculated-field-input jet-form__field\" data-field-name=\"Valor\">\n\t\t\t<div class=\"jet-form__calculated-field-val\"><\/div>\n\t\t<\/div><\/div><\/div><\/div><\/form><div class=\"jet-form-messages-wrap\" data-form-id=\"696\"><\/div>\t\t<\/div>\n\t\t\t\t<\/div>\n\t\t\t\t\t\t<\/div>\n\t\t\t\t\t<\/div>\n\t\t<\/div>\n\t\t\t\t\t\t\t\t<\/div>\n\t\t\t\t\t<\/div>\n\t\t<\/section>\n\t\t\t\t\t\t<\/div>\n\t\t\t\t\t<\/div>\n\t\t<\/div>\n\t\t\t\t\t\t\t\t<\/div>\n\t\t\t\t\t<\/div>\n\t\t<\/section>\n\t\t\t\t\t\t\t\t\t<\/div>\n\t\t\t<\/div>\n\t\t\t\t\t<\/div>\n\t\t","protected":false},"excerpt":{"rendered":"<p>Anterior Pr\u00f3ximo Tags c\/ furo Tags c\/ furo Tamanho: 5&#215;4,5 cm ou 2,5&#215;9 cm Quantidade 100020003000 Valor R$<\/p>\n","protected":false},"author":1,"featured_media":0,"parent":0,"menu_order":0,"comment_status":"closed","ping_status":"closed","template":"elementor_header_footer","meta":[],"yoast_head":"<!-- This site is optimized with the Yoast SEO plugin v18.5.1 - https:\/\/yoast.com\/wordpress\/plugins\/seo\/ -->\n<title>Tags c\/ furo - Gr\u00e1fica KGM<\/title>\n<meta name=\"robots\" content=\"index, follow, max-snippet:-1, max-image-preview:large, max-video-preview:-1\" \/>\n<link rel=\"canonical\" href=\"https:\/\/graficakgm.com.br\/index.php\/tags-c-furo\/\" \/>\n<meta property=\"og:locale\" content=\"en_US\" \/>\n<meta property=\"og:type\" content=\"article\" \/>\n<meta property=\"og:title\" content=\"Tags c\/ furo - Gr\u00e1fica KGM\" \/>\n<meta property=\"og:description\" content=\"Anterior Pr\u00f3ximo Tags c\/ furo Tags c\/ furo Tamanho: 5&#215;4,5 cm ou 2,5&#215;9 cm Quantidade 100020003000 Valor R$\" \/>\n<meta property=\"og:url\" content=\"https:\/\/graficakgm.com.br\/index.php\/tags-c-furo\/\" \/>\n<meta property=\"og:site_name\" content=\"Gr\u00e1fica KGM\" \/>\n<meta property=\"article:modified_time\" content=\"2021-09-01T23:57:12+00:00\" \/>\n<meta property=\"og:image\" content=\"https:\/\/graficakgm.com.br\/wp-content\/uploads\/2021\/09\/Tag-275x300.jpeg\" \/>\n<meta name=\"twitter:card\" content=\"summary_large_image\" \/>\n<script type=\"application\/ld+json\" class=\"yoast-schema-graph\">{\"@context\":\"https:\/\/schema.org\",\"@graph\":[{\"@type\":\"WebSite\",\"@id\":\"https:\/\/graficakgm.com.br\/#website\",\"url\":\"https:\/\/graficakgm.com.br\/\",\"name\":\"Gr\u00e1fica KGM\",\"description\":\"Servi\u00e7os Gr\u00e1ficos\",\"potentialAction\":[{\"@type\":\"SearchAction\",\"target\":{\"@type\":\"EntryPoint\",\"urlTemplate\":\"https:\/\/graficakgm.com.br\/?s={search_term_string}\"},\"query-input\":\"required name=search_term_string\"}],\"inLanguage\":\"en-US\"},{\"@type\":\"ImageObject\",\"@id\":\"https:\/\/graficakgm.com.br\/index.php\/tags-c-furo\/#primaryimage\",\"inLanguage\":\"en-US\",\"url\":\"https:\/\/graficakgm.com.br\/wp-content\/uploads\/2021\/09\/Tag.jpeg\",\"contentUrl\":\"https:\/\/graficakgm.com.br\/wp-content\/uploads\/2021\/09\/Tag.jpeg\",\"width\":1084,\"height\":1184},{\"@type\":\"WebPage\",\"@id\":\"https:\/\/graficakgm.com.br\/index.php\/tags-c-furo\/#webpage\",\"url\":\"https:\/\/graficakgm.com.br\/index.php\/tags-c-furo\/\",\"name\":\"Tags c\/ furo - Gr\u00e1fica KGM\",\"isPartOf\":{\"@id\":\"https:\/\/graficakgm.com.br\/#website\"},\"primaryImageOfPage\":{\"@id\":\"https:\/\/graficakgm.com.br\/index.php\/tags-c-furo\/#primaryimage\"},\"datePublished\":\"2021-09-01T12:56:47+00:00\",\"dateModified\":\"2021-09-01T23:57:12+00:00\",\"breadcrumb\":{\"@id\":\"https:\/\/graficakgm.com.br\/index.php\/tags-c-furo\/#breadcrumb\"},\"inLanguage\":\"en-US\",\"potentialAction\":[{\"@type\":\"ReadAction\",\"target\":[\"https:\/\/graficakgm.com.br\/index.php\/tags-c-furo\/\"]}]},{\"@type\":\"BreadcrumbList\",\"@id\":\"https:\/\/graficakgm.com.br\/index.php\/tags-c-furo\/#breadcrumb\",\"itemListElement\":[{\"@type\":\"ListItem\",\"position\":1,\"name\":\"In\u00edcio\",\"item\":\"https:\/\/graficakgm.com.br\/\"},{\"@type\":\"ListItem\",\"position\":2,\"name\":\"Tags c\/ furo\"}]}]}<\/script>\n<!-- \/ Yoast SEO plugin. -->","yoast_head_json":{"title":"Tags c\/ furo - Gr\u00e1fica KGM","robots":{"index":"index","follow":"follow","max-snippet":"max-snippet:-1","max-image-preview":"max-image-preview:large","max-video-preview":"max-video-preview:-1"},"canonical":"https:\/\/graficakgm.com.br\/index.php\/tags-c-furo\/","og_locale":"en_US","og_type":"article","og_title":"Tags c\/ furo - Gr\u00e1fica KGM","og_description":"Anterior Pr\u00f3ximo Tags c\/ furo Tags c\/ furo Tamanho: 5&#215;4,5 cm ou 2,5&#215;9 cm Quantidade 100020003000 Valor R$","og_url":"https:\/\/graficakgm.com.br\/index.php\/tags-c-furo\/","og_site_name":"Gr\u00e1fica KGM","article_modified_time":"2021-09-01T23:57:12+00:00","og_image":[{"url":"https:\/\/graficakgm.com.br\/wp-content\/uploads\/2021\/09\/Tag-275x300.jpeg"}],"twitter_card":"summary_large_image","schema":{"@context":"https:\/\/schema.org","@graph":[{"@type":"WebSite","@id":"https:\/\/graficakgm.com.br\/#website","url":"https:\/\/graficakgm.com.br\/","name":"Gr\u00e1fica KGM","description":"Servi\u00e7os Gr\u00e1ficos","potentialAction":[{"@type":"SearchAction","target":{"@type":"EntryPoint","urlTemplate":"https:\/\/graficakgm.com.br\/?s={search_term_string}"},"query-input":"required name=search_term_string"}],"inLanguage":"en-US"},{"@type":"ImageObject","@id":"https:\/\/graficakgm.com.br\/index.php\/tags-c-furo\/#primaryimage","inLanguage":"en-US","url":"https:\/\/graficakgm.com.br\/wp-content\/uploads\/2021\/09\/Tag.jpeg","contentUrl":"https:\/\/graficakgm.com.br\/wp-content\/uploads\/2021\/09\/Tag.jpeg","width":1084,"height":1184},{"@type":"WebPage","@id":"https:\/\/graficakgm.com.br\/index.php\/tags-c-furo\/#webpage","url":"https:\/\/graficakgm.com.br\/index.php\/tags-c-furo\/","name":"Tags c\/ furo - Gr\u00e1fica KGM","isPartOf":{"@id":"https:\/\/graficakgm.com.br\/#website"},"primaryImageOfPage":{"@id":"https:\/\/graficakgm.com.br\/index.php\/tags-c-furo\/#primaryimage"},"datePublished":"2021-09-01T12:56:47+00:00","dateModified":"2021-09-01T23:57:12+00:00","breadcrumb":{"@id":"https:\/\/graficakgm.com.br\/index.php\/tags-c-furo\/#breadcrumb"},"inLanguage":"en-US","potentialAction":[{"@type":"ReadAction","target":["https:\/\/graficakgm.com.br\/index.php\/tags-c-furo\/"]}]},{"@type":"BreadcrumbList","@id":"https:\/\/graficakgm.com.br\/index.php\/tags-c-furo\/#breadcrumb","itemListElement":[{"@type":"ListItem","position":1,"name":"In\u00edcio","item":"https:\/\/graficakgm.com.br\/"},{"@type":"ListItem","position":2,"name":"Tags c\/ furo"}]}]}},"_links":{"self":[{"href":"https:\/\/graficakgm.com.br\/index.php\/wp-json\/wp\/v2\/pages\/702"}],"collection":[{"href":"https:\/\/graficakgm.com.br\/index.php\/wp-json\/wp\/v2\/pages"}],"about":[{"href":"https:\/\/graficakgm.com.br\/index.php\/wp-json\/wp\/v2\/types\/page"}],"author":[{"embeddable":true,"href":"https:\/\/graficakgm.com.br\/index.php\/wp-json\/wp\/v2\/users\/1"}],"replies":[{"embeddable":true,"href":"https:\/\/graficakgm.com.br\/index.php\/wp-json\/wp\/v2\/comments?post=702"}],"version-history":[{"count":31,"href":"https:\/\/graficakgm.com.br\/index.php\/wp-json\/wp\/v2\/pages\/702\/revisions"}],"predecessor-version":[{"id":1111,"href":"https:\/\/graficakgm.com.br\/index.php\/wp-json\/wp\/v2\/pages\/702\/revisions\/1111"}],"wp:attachment":[{"href":"https:\/\/graficakgm.com.br\/index.php\/wp-json\/wp\/v2\/media?parent=702"}],"curies":[{"name":"wp","href":"https:\/\/api.w.org\/{rel}","templated":true}]}}